{"id":11654,"date":"2016-10-22T15:49:30","date_gmt":"2016-10-22T15:49:30","guid":{"rendered":"http:\/\/td_uid_1_580b8a8a5c4fa"},"modified":"2021-09-07T09:50:12","modified_gmt":"2021-09-07T09:50:12","slug":"home","status":"publish","type":"page","link":"https:\/\/fusquinha.com\/","title":{"rendered":"Home"},"content":{"rendered":"\t\t<div data-elementor-type=\"wp-page\" data-elementor-id=\"11654\" class=\"elementor elementor-11654\" data-elementor-settings=\"[]\">\n\t\t\t\t\t\t\t<div class=\"elementor-section-wrap\">\n\t\t\t\t\t\t\t<section class=\"elementor-section elementor-top-section elementor-element elementor-element-ce309ca elementor-section-boxed elementor-section-height-default elementor-section-height-default\" data-id=\"ce309ca\" data-element_type=\"section\">\n\t\t\t\t\t\t<div class=\"elementor-container elementor-column-gap-default\">\n\t\t\t\t\t<div class=\"elementor-column elementor-col-100 elementor-top-column elementor-element elementor-element-8481a3f\" data-id=\"8481a3f\" data-element_type=\"column\">\n\t\t\t<div class=\"elementor-widget-wrap elementor-element-populated\">\n\t\t\t\t\t\t\t\t<div class=\"elementor-element elementor-element-8a63427 elementor--h-position-center elementor--v-position-middle elementor-arrows-position-inside elementor-pagination-position-inside elementor-widget elementor-widget-slides\" data-id=\"8a63427\" data-element_type=\"widget\" data-settings=\"{&quot;transition_speed&quot;:700,&quot;navigation&quot;:&quot;both&quot;,&quot;autoplay&quot;:&quot;yes&quot;,&quot;pause_on_hover&quot;:&quot;yes&quot;,&quot;pause_on_interaction&quot;:&quot;yes&quot;,&quot;autoplay_speed&quot;:5000,&quot;infinite&quot;:&quot;yes&quot;,&quot;transition&quot;:&quot;slide&quot;}\" data-widget_type=\"slides.default\">\n\t\t\t\t<div class=\"elementor-widget-container\">\n\t\t\t\t\t<div class=\"elementor-swiper\">\n\t\t\t<div class=\"elementor-slides-wrapper elementor-main-swiper swiper-container\" dir=\"ltr\" data-animation=\"zoomIn\">\n\t\t\t\t<div class=\"swiper-wrapper elementor-slides\">\n\t\t\t\t\t<div class=\"elementor-repeater-item-fca48a7 swiper-slide\"><div class=\"swiper-slide-bg elementor-ken-burns elementor-ken-burns--in\"><\/div><div class=\"elementor-background-overlay\"><\/div><div class=\"swiper-slide-inner\" ><div class=\"swiper-slide-contents\"><div class=\"elementor-slide-heading\">Fusquinha.Com Publicidade<\/div><div class=\"elementor-slide-description\">Divulga\u00e7\u00e3o tem que ser boa! Divulga\u00e7\u00e3o \u00e9 com Fusquinha.Com.<\/div><a href=\"https:\/\/wa.me\/5574999579675\" class=\"elementor-button elementor-slide-button elementor-size-md\">Fone\/Zap<\/a><\/div><\/div><\/div><div class=\"elementor-repeater-item-2c7afcf swiper-slide\"><div class=\"swiper-slide-bg elementor-ken-burns elementor-ken-burns--out\"><\/div><div class=\"elementor-background-overlay\"><\/div><div class=\"swiper-slide-inner\" ><div class=\"swiper-slide-contents\"><div class=\"elementor-slide-heading\">Eleito o melhor carro de som da cidade!<\/div><div class=\"elementor-slide-description\">Todos os anos, consecutivamente, a mais de uma d\u00e9cada, pr\u00eamio de melhor servi\u00e7o de carro de som de Capim Grosso!<\/div><a href=\"https:\/\/wa.me\/5574999579675\" target=\"_blank\" class=\"elementor-button elementor-slide-button elementor-size-md\">Fone\/Zap<\/a><\/div><\/div><\/div>\t\t\t\t<\/div>\n\t\t\t\t\t\t\t\t\t\t\t\t\t\t\t<div class=\"swiper-pagination\"><\/div>\n\t\t\t\t\t\t\t\t\t\t\t\t\t\t\t\t<div class=\"elementor-swiper-button elementor-swiper-button-prev\">\n\t\t\t\t\t\t\t<i class=\"eicon-chevron-left\" aria-hidden=\"true\"><\/i>\n\t\t\t\t\t\t\t<span class=\"elementor-screen-only\">Previous<\/span>\n\t\t\t\t\t\t<\/div>\n\t\t\t\t\t\t<div class=\"elementor-swiper-button elementor-swiper-button-next\">\n\t\t\t\t\t\t\t<i class=\"eicon-chevron-right\" aria-hidden=\"true\"><\/i>\n\t\t\t\t\t\t\t<span class=\"elementor-screen-only\">Next<\/span>\n\t\t\t\t\t\t<\/div>\n\t\t\t\t\t\t\t\t\t\t\t\t<\/div>\n\t\t<\/div>\n\t\t\t\t<\/div>\n\t\t\t\t<\/div>\n\t\t\t\t\t<\/div>\n\t\t<\/div>\n\t\t\t\t\t\t\t<\/div>\n\t\t<\/section>\n\t\t\t\t<section class=\"elementor-section elementor-top-section elementor-element elementor-element-1eb6b96 elementor-section-boxed elementor-section-height-default elementor-section-height-default\" data-id=\"1eb6b96\" data-element_type=\"section\">\n\t\t\t\t\t\t<div class=\"elementor-container elementor-column-gap-default\">\n\t\t\t\t\t<div class=\"elementor-column elementor-col-100 elementor-top-column elementor-element elementor-element-5ccbe44\" data-id=\"5ccbe44\" data-element_type=\"column\">\n\t\t\t<div class=\"elementor-widget-wrap elementor-element-populated\">\n\t\t\t\t\t\t\t\t<div class=\"elementor-element elementor-element-615ff70 elementor-widget elementor-widget-calltoaction\" data-id=\"615ff70\" data-element_type=\"widget\" data-widget_type=\"calltoaction.default\">\n\t\t\t\t<div class=\"elementor-widget-container\">\n\t\t\t<span style=\"display:block;\" data-calltoaction-custom-css=\"<style>\r\n\t\t\t.calltoaction-button.flat-button-mini.calltoaction-button-1 a:hover {\r\n\t\t\t\t\t\t\tcolor:#FF0000!important;\r\n\t\t\t\t\t\t\tbackground:#FFFFFF!important;\r\n\t\t\t\t\t\t\tborder-color:#FFFFFF!important; \r\n\t\t\t}\r\n\t\t\t<\/style>\" class=\"calltoaction-button calltoaction-custom-js flat-button-mini    calltoaction-border-square calltoaction-align-center calltoaction-button-1\"><a style=\"font-family: Capriola;font-size:30px;color:#FFFFFF;\r\n\t\t\t\t\t\t\t  background:#FF0000;\r\n\t\t\t\t\t\t\t  border-color:#FF0000;\r\n\t\t\t\t\t\t\t  border-style:;\" href=\"https:\/\/wa.me\/5574999579675\" target=\"_blank\">ENTRE EM CONTATO<\/a><\/span>\t\t<\/div>\n\t\t\t\t<\/div>\n\t\t\t\t\t<\/div>\n\t\t<\/div>\n\t\t\t\t\t\t\t<\/div>\n\t\t<\/section>\n\t\t\t\t\t\t<\/div>\n\t\t\t\t\t<\/div>\n\t\t","protected":false},"excerpt":{"rendered":"<p>Fusquinha.Com PublicidadeDivulga\u00e7\u00e3o tem que ser boa! Divulga\u00e7\u00e3o \u00e9 com Fusquinha.Com.Fone\/ZapEleito o melhor carro de som da cidade!Todos os anos, consecutivamente, a mais de uma d\u00e9cada, pr\u00eamio de melhor servi\u00e7o de carro de som de Capim Grosso!Fone\/Zap Previous Next .calltoaction-button.flat-button-mini.calltoaction-button-1 a:hover { color:#FF0000!important; background:#FFFFFF!important; border-color:#FFFFFF!important; } &#8220;>ENTRE EM CONTATO<\/p>\n","protected":false},"author":1,"featured_media":0,"parent":0,"menu_order":0,"comment_status":"open","ping_status":"closed","template":"elementor_canvas","meta":{"footnotes":""},"class_list":["post-11654","page","type-page","status-publish","hentry"],"_links":{"self":[{"href":"https:\/\/fusquinha.com\/index.php?rest_route=\/wp\/v2\/pages\/11654","targetHints":{"allow":["GET"]}}],"collection":[{"href":"https:\/\/fusquinha.com\/index.php?rest_route=\/wp\/v2\/pages"}],"about":[{"href":"https:\/\/fusquinha.com\/index.php?rest_route=\/wp\/v2\/types\/page"}],"author":[{"embeddable":true,"href":"https:\/\/fusquinha.com\/index.php?rest_route=\/wp\/v2\/users\/1"}],"replies":[{"embeddable":true,"href":"https:\/\/fusquinha.com\/index.php?rest_route=%2Fwp%2Fv2%2Fcomments&post=11654"}],"version-history":[{"count":66,"href":"https:\/\/fusquinha.com\/index.php?rest_route=\/wp\/v2\/pages\/11654\/revisions"}],"predecessor-version":[{"id":60716,"href":"https:\/\/fusquinha.com\/index.php?rest_route=\/wp\/v2\/pages\/11654\/revisions\/60716"}],"wp:attachment":[{"href":"https:\/\/fusquinha.com\/index.php?rest_route=%2Fwp%2Fv2%2Fmedia&parent=11654"}],"curies":[{"name":"wp","href":"https:\/\/api.w.org\/{rel}","templated":true}]}}